{"id":322,"date":"2018-04-17T12:56:27","date_gmt":"2018-04-17T12:56:27","guid":{"rendered":"https:\/\/plukdenacht.nl\/shop\/?post_type=product&#038;p=322"},"modified":"2023-10-21T23:20:10","modified_gmt":"2023-10-21T23:20:10","slug":"time-code","status":"publish","type":"product","link":"https:\/\/plukdenacht.nl\/shop\/product\/time-code\/","title":{"rendered":"TIME CODE | MIKE FIGGIS (DVD PAL)"},"content":{"rendered":"<p>Experimentele film van Mike Figgis waarin het scherm in vier delen wordt opgedeeld, zodat je meerdere personages van hetzelfde verhaal kunt volgen.<\/p>\n","protected":false},"excerpt":{"rendered":"<p>Time Code brengt anderhalf uur uit het leven van 4 mensen uit Hollywood. Emma, die van haar man wil scheiden en haar hart gaat luchten bij haar therapeute, haar man Alex die gedumpt wordt door zijn minnares Rose omdat hij geen verdere hulp is voor haar carri\u00e8re als actrice, Rose die, zonder dat ze het zelf weet, geschaduwd wordt door haar jaloerse ex-vriendin, de coke-verslaafde Lauren. Wat zeggen je vrienden over je wanneer je de deur buitengaat? Waar gaat je lief naartoe wanneer hij bij jou vertrekt? Van deze algemeen menselijke nieuwsgierigheid vertrekt Mike Figgis om \u00e9\u00e9n van de meest vernieuwende experimenten in de film voor te stellen. In Time Code wordt \u00e9\u00e9n verhaal verteld vanuit vier verschillende standpunten, naast elkaar getoond, zonder montage en in \u2018real time\u2019. Het scherm is in vier hokjes opgedeeld en in elk hokje speelt zich het verhaal af van \u00e9\u00e9n van de vier hoofdpersonages. Figgis legt met zijn soundtrack wel telkens de nadruk op \u00e9\u00e9n van de verhalen, maar uiteindelijk is het de kijker die kiest welk verhaal hij wil volgen.<\/p>\n<h4>TRAILER<\/h4>\n[embed]https:\/\/www.youtube.com\/watch?v=KQidFlpYlDw[\/embed]\n<p>&nbsp;<\/p>\n<h4>FILM STILLS<\/h4>\n[gallery size=\"large\" link=\"file\" ids=\"325,327,331\" orderby=\"rand\"]\n","protected":false},"featured_media":684,"template":"","meta":{"_genesis_hide_title":false,"_genesis_hide_breadcrumbs":false,"_genesis_hide_singular_image":false,"_genesis_hide_footer_widgets":false,"_genesis_custom_body_class":"","_genesis_custom_post_class":"","_genesis_layout":""},"product_brand":[],"product_cat":[18],"product_tag":[],"director-dvd":[32],"country":[33],"class_list":{"0":"post-322","1":"product","2":"type-product","3":"status-publish","4":"has-post-thumbnail","6":"product_cat-dvd","7":"director-dvd-mike-figgis-united-kingdom","8":"country-united-kingdom","9":"entry","11":"first","12":"outofstock","13":"taxable","14":"shipping-taxable","15":"purchasable","16":"product-type-simple"},"_links":{"self":[{"href":"https:\/\/plukdenacht.nl\/shop\/wp-json\/wp\/v2\/product\/322","targetHints":{"allow":["GET"]}}],"collection":[{"href":"https:\/\/plukdenacht.nl\/shop\/wp-json\/wp\/v2\/product"}],"about":[{"href":"https:\/\/plukdenacht.nl\/shop\/wp-json\/wp\/v2\/types\/product"}],"wp:featuredmedia":[{"embeddable":true,"href":"https:\/\/plukdenacht.nl\/shop\/wp-json\/wp\/v2\/media\/684"}],"wp:attachment":[{"href":"https:\/\/plukdenacht.nl\/shop\/wp-json\/wp\/v2\/media?parent=322"}],"wp:term":[{"taxonomy":"product_brand","embeddable":true,"href":"https:\/\/plukdenacht.nl\/shop\/wp-json\/wp\/v2\/product_brand?post=322"},{"taxonomy":"product_cat","embeddable":true,"href":"https:\/\/plukdenacht.nl\/shop\/wp-json\/wp\/v2\/product_cat?post=322"},{"taxonomy":"product_tag","embeddable":true,"href":"https:\/\/plukdenacht.nl\/shop\/wp-json\/wp\/v2\/product_tag?post=322"},{"taxonomy":"director-dvd","embeddable":true,"href":"https:\/\/plukdenacht.nl\/shop\/wp-json\/wp\/v2\/director-dvd?post=322"},{"taxonomy":"country","embeddable":true,"href":"https:\/\/plukdenacht.nl\/shop\/wp-json\/wp\/v2\/country?post=322"}],"curies":[{"name":"wp","href":"https:\/\/api.w.org\/{rel}","templated":true}]}}