{"id":398,"date":"2018-04-18T14:57:21","date_gmt":"2018-04-18T14:57:21","guid":{"rendered":"https:\/\/plukdenacht.nl\/shop\/?post_type=product&#038;p=398"},"modified":"2018-05-15T11:24:11","modified_gmt":"2018-05-15T11:24:11","slug":"das-fraulein-andrea-staka","status":"publish","type":"product","link":"https:\/\/plukdenacht.nl\/shop\/product\/das-fraulein-andrea-staka\/","title":{"rendered":"DAS FR\u00c4ULEIN | ANDREA STAKA (DVD PAL)"},"content":{"rendered":"<p>Weggevlucht uit voormalig Joegoslavi\u00eb kruisen de levens van drie krachtige vrouwen elkaar in Zwitserland, waar ze opnieuw naar zichzelf leren kijken. Gespeend van elke gemakkelijke nostalgie raakt de film aan de pijn die onvermijdelijk verbonden is aan de onvrijwillige breuk met je eigen afkomst.<\/p>\n","protected":false},"excerpt":{"rendered":"<p><em>Das Fr\u00e4ulein<\/em> portretteert het leven van drie vrouwen die, weggevlucht uit het voormalige Joegoslavi\u00eb, een nieuw leven proberen op te bouwen in het moderne Zwitserland. Ruza heeft na een teleurstellende liefde een muur om zichzelf opgetrokken en runt met zakelijk instinct haar kantine, waaraan ze al haar houvast ontleent. De oudere Mila stopt niet met dromen en wil nog steeds het liefst met haar passieve echtgenoot terugkeren naar haar geboortegrond. Tegenover deze twee volwassen vrouwen staat de jonge Ana, die niet zozeer uit haar geboorteland als voor haar ziekte is weggevlucht en zich in Zwitserland het leven wil toe-eigenen waarnaar ze zo verlangt.<\/p>\n<p>Het verleden van de drie vrouwen in Joegoslavi\u00eb wordt niet uitgespeld, maar vormt een geladen achtergrond waartegen ze hun huidige keuzes afzetten. De levens van de vrouwen kruisen en be\u00efnvloeden elkaar, hoewel niet altijd van harte. Door hun onderlinge ontmoetingen moeten ze ieder hun eigen werkelijkheid opnieuw onder ogen zien. <em>Das Fr\u00e4ulein<\/em> gaat over ontworteling, eenzaamheid en verlangen. Andrea Staka\u2019s ingehouden filmdebuut bouwt behalve op de sterke acteerprestaties van de drie actrices (uit Servi\u00eb, Kroati\u00eb en Bosni\u00eb-Herzegovina) op haar eigen subtiele scenario, dat vals sentiment en melodrama vermijdt en leidt tot even krachtige als suggestieve dialogen en sc\u00e8nes.<\/p>\n<p>PvH<\/p>\n<h4>TRAILER<\/h4>\n[embed]https:\/\/www.youtube.com\/watch?v=ptMpcNkh7Xo[\/embed]\n<p>&nbsp;<\/p>\n<h4>FILM STILLS<\/h4>\n[gallery size=\"large\" link=\"file\" ids=\"401,403,405\" orderby=\"rand\"]\n","protected":false},"featured_media":664,"template":"","meta":{"_genesis_hide_title":false,"_genesis_hide_breadcrumbs":false,"_genesis_hide_singular_image":false,"_genesis_hide_footer_widgets":false,"_genesis_custom_body_class":"","_genesis_custom_post_class":"","_genesis_layout":""},"product_brand":[],"product_cat":[18],"product_tag":[],"director-dvd":[47],"country":[],"class_list":{"0":"post-398","1":"product","2":"type-product","3":"status-publish","4":"has-post-thumbnail","6":"product_cat-dvd","7":"director-dvd-duitsland","8":"entry","10":"first","11":"instock","12":"taxable","13":"shipping-taxable","14":"purchasable","15":"product-type-simple"},"_links":{"self":[{"href":"https:\/\/plukdenacht.nl\/shop\/wp-json\/wp\/v2\/product\/398","targetHints":{"allow":["GET"]}}],"collection":[{"href":"https:\/\/plukdenacht.nl\/shop\/wp-json\/wp\/v2\/product"}],"about":[{"href":"https:\/\/plukdenacht.nl\/shop\/wp-json\/wp\/v2\/types\/product"}],"wp:featuredmedia":[{"embeddable":true,"href":"https:\/\/plukdenacht.nl\/shop\/wp-json\/wp\/v2\/media\/664"}],"wp:attachment":[{"href":"https:\/\/plukdenacht.nl\/shop\/wp-json\/wp\/v2\/media?parent=398"}],"wp:term":[{"taxonomy":"product_brand","embeddable":true,"href":"https:\/\/plukdenacht.nl\/shop\/wp-json\/wp\/v2\/product_brand?post=398"},{"taxonomy":"product_cat","embeddable":true,"href":"https:\/\/plukdenacht.nl\/shop\/wp-json\/wp\/v2\/product_cat?post=398"},{"taxonomy":"product_tag","embeddable":true,"href":"https:\/\/plukdenacht.nl\/shop\/wp-json\/wp\/v2\/product_tag?post=398"},{"taxonomy":"director-dvd","embeddable":true,"href":"https:\/\/plukdenacht.nl\/shop\/wp-json\/wp\/v2\/director-dvd?post=398"},{"taxonomy":"country","embeddable":true,"href":"https:\/\/plukdenacht.nl\/shop\/wp-json\/wp\/v2\/country?post=398"}],"curies":[{"name":"wp","href":"https:\/\/api.w.org\/{rel}","templated":true}]}}