{"id":509,"date":"2018-04-24T14:44:07","date_gmt":"2018-04-24T14:44:07","guid":{"rendered":"https:\/\/plukdenacht.nl\/shop\/?post_type=product&#038;p=509"},"modified":"2024-04-06T14:28:46","modified_gmt":"2024-04-06T14:28:46","slug":"louise-michel-benoit-delepine-gustave-de-kervern","status":"publish","type":"product","link":"https:\/\/plukdenacht.nl\/shop\/product\/louise-michel-benoit-delepine-gustave-de-kervern\/","title":{"rendered":"LOUISE-MICHEL | BENO\u00ceT DEL\u00c9PINE &#038; GUSTAVE DE KERVERN (DVD PAL)"},"content":{"rendered":"<p>In de titel staat een koppelteken tussen Louise en Michel. Een verbinding tussen twee gezette, niet erg pientere mislukkelingen, die samen op pad gaan om haar voormalige baas te vermoorden, met zeer gebrekkige planning en een nietsontziende volharding. Het resultaat is een komedie, met een fijne combinatie van subtiele grapjes en lomp geweld.<\/p>\n","protected":false},"excerpt":{"rendered":"<p>Als je vanuit Nederland naar het zuiden afzakt, wordt het leven wat vreemder, wat fantasievoller, wat absurder ook. Dat geldt overigens ook als je naar het noorden gaat, of zelfs, hoewel in mindere mate, naar het westen of naar het oosten \u2013 in dat laatste geval kun je het beste wat langer doorreizen.<\/p>\n<p>Ik dwaal af. <em>Louise-Michel<\/em> is een ontsporend absurde komedie van twee Franse regisseurs (Benoit Delepine en Gustave Kervern, bekend van <a href=\"http:\/\/www.plukdenacht.nl\/movie\/aaltra\/\"><em>Aaltra<\/em><\/a>, 2004) met twee Belgische hoofdrolspelers. Het is een film zoals we die, denk ik, in Nederland niet zouden kunnen maken \u2013 zelfs Alex van Warmerdam of Jos Stelling niet \u2013 maar die we nog wel kunnen vatten.<\/p>\n<p>De film bestaat uit een reeks vreemde sc\u00e8nes, sketches bijna, bijeengehouden door een ongelooflijke plot rond een zelfverklaarde, maar zichtbaar inepte huurmoordenaar (Michel) en een wraakzuchtige werkloze vrouw met een ongekende onverzettelijkheid (Louise). Zij worden gespeeld door de Belgen Bouli Lanners (zelf ook regisseur, <em>Eldorado<\/em>, 2008) en Yolande Moreau. We kunnen lang twisten wie het beste is, het spant erom, misschien dat we na de vertoning op Pluk met handopsteken kunnen beslissen, maar mijn stem gaat naar Moreau.<\/p>\n<p>Hoe zij boertig over straat banjert in haar vormeloze kleding, solide schoenen en stugge haar.\u00a0Hoe je de radertjes in haar hoofd ziet knarsen, terwijl ze verbeten nieuwe plannen blijft bedenken om \u2013 want daaraan hangt de plot \u2013 na het onverwachts sluiten van de fabriek waar ze werkt de <em>salaud<\/em> van een eigenaar te laten vermoorden: even wachten, nee, ik ben er nog niet, ha!, ja!, zo gaan we het doen. En hop, weer banjeren, knuistig en gedrongen. Totdat het allemaal gruwelijk misgaat. En even niet leuk meer is.<\/p>\n<p>Want om maar \u00e9\u00e9n ding te noemen: wie is eigenlijk de baas, als de fabriek deel uitmaakt van een multinational? Dan moet je hogerop! Je kunt <em>Louise-Michel<\/em> dus een kritiek op de globalisering noemen en als je dat wilt doen, houd ik je niet tegen. Ik zou zeggen dat het idee van globalisering vooral een manier is om het verhaal steeds verder uit de hand te laten lopen, voorbij de nog tamelijk overzichtelijke beginsituatie.<\/p>\n<p>Onderweg slaat de film de plank een paar keer mis. Zoals met die rare kunstenaar en z&#039;n 9\/11-project \u2013 die overigens wordt gespeeld door Beno\u00eet Poelvoorde, bekend van de inktzwarte en gewelddadige nepdocumentaire <em>C&#039;est arriv\u00e9 pr\u00e8s de chez vous<\/em> (1992), waarmee <em>Louise-Michel<\/em> enige verwantschap heeft. Veel vaker raakt de film echter de plank, met sc\u00e8nes die je niet snel vergeet.<\/p>\n<p>De film heeft een prettig incorrecte immoraliteit, die je zwarte humor kunt noemen \u2013 maar misschien ook wel onethisch (net als <em>C&#039;est arriv\u00e9 pr\u00e8s de chez vous<\/em> dus). Sommige mensen vinden het bijvoorbeeld &#039;niet kunnen&#039; om te lachen om stervende gehandicapten of dode dieren. Kan, snap ik, heb ik respect voor. Maar Delepine en Kervern gelukkig niet.<\/p>\n<p>Kees Driessen<\/p>\n<h4>TRAILER<\/h4>\n[embed]https:\/\/www.youtube.com\/watch?v=4FHUqqp8Ne0[\/embed]\n<p>&nbsp;<\/p>\n<h4>FILM STILLS<\/h4>\n[gallery size=\"large\" link=\"file\" ids=\"512,514,510\" orderby=\"rand\"]\n","protected":false},"featured_media":674,"template":"","meta":{"_genesis_hide_title":false,"_genesis_hide_breadcrumbs":false,"_genesis_hide_singular_image":false,"_genesis_hide_footer_widgets":false,"_genesis_custom_body_class":"","_genesis_custom_post_class":"","_genesis_layout":""},"product_brand":[],"product_cat":[18],"product_tag":[],"director-dvd":[55],"country":[],"class_list":{"0":"post-509","1":"product","2":"type-product","3":"status-publish","4":"has-post-thumbnail","6":"product_cat-dvd","7":"director-dvd-benoit-delepine-gustave-de-kervern-frankrijk","8":"entry","10":"first","11":"outofstock","12":"taxable","13":"shipping-taxable","14":"purchasable","15":"product-type-simple"},"_links":{"self":[{"href":"https:\/\/plukdenacht.nl\/shop\/wp-json\/wp\/v2\/product\/509","targetHints":{"allow":["GET"]}}],"collection":[{"href":"https:\/\/plukdenacht.nl\/shop\/wp-json\/wp\/v2\/product"}],"about":[{"href":"https:\/\/plukdenacht.nl\/shop\/wp-json\/wp\/v2\/types\/product"}],"wp:featuredmedia":[{"embeddable":true,"href":"https:\/\/plukdenacht.nl\/shop\/wp-json\/wp\/v2\/media\/674"}],"wp:attachment":[{"href":"https:\/\/plukdenacht.nl\/shop\/wp-json\/wp\/v2\/media?parent=509"}],"wp:term":[{"taxonomy":"product_brand","embeddable":true,"href":"https:\/\/plukdenacht.nl\/shop\/wp-json\/wp\/v2\/product_brand?post=509"},{"taxonomy":"product_cat","embeddable":true,"href":"https:\/\/plukdenacht.nl\/shop\/wp-json\/wp\/v2\/product_cat?post=509"},{"taxonomy":"product_tag","embeddable":true,"href":"https:\/\/plukdenacht.nl\/shop\/wp-json\/wp\/v2\/product_tag?post=509"},{"taxonomy":"director-dvd","embeddable":true,"href":"https:\/\/plukdenacht.nl\/shop\/wp-json\/wp\/v2\/director-dvd?post=509"},{"taxonomy":"country","embeddable":true,"href":"https:\/\/plukdenacht.nl\/shop\/wp-json\/wp\/v2\/country?post=509"}],"curies":[{"name":"wp","href":"https:\/\/api.w.org\/{rel}","templated":true}]}}